{"id":17,"date":"2016-07-13T03:47:30","date_gmt":"2016-07-13T06:47:30","guid":{"rendered":"http:\/\/www.recupperar.com.br\/web\/?page_id=17"},"modified":"2025-03-12T00:42:04","modified_gmt":"2025-03-12T03:42:04","slug":"estrutura","status":"publish","type":"page","link":"https:\/\/www.recupperar.com.br\/web\/estrutura\/","title":{"rendered":"ESTRUTURA"},"content":{"rendered":"\n<h3 class=\"wp-block-heading\">Infraestrutura completa para um tratamento de excel\u00eancia<\/h3>\n\n\n\n<p style=\"font-size:1em\">Na <strong>Recupperar<\/strong>, acreditamos que um ambiente bem estruturado faz toda a diferen\u00e7a no processo de recupera\u00e7\u00e3o. Por isso, investimos em uma infraestrutura completa, moderna e planejada para oferecer conforto, seguran\u00e7a e funcionalidade a todos os nossos pacientes.<\/p>\n\n\n\n<p style=\"font-size:1em\">Nosso pr\u00e9dio \u00e9 novo e projetado para atender \u00e0s necessidades espec\u00edficas de cada tratamento. Contamos com <strong>consult\u00f3rios m\u00e9dicos e de psicologia<\/strong> equipados para proporcionar atendimentos qualificados e humanizados. Al\u00e9m disso, oferecemos espa\u00e7os dedicados ao bem-estar f\u00edsico e mental, como <strong>quadra esportiva, academia e piscina<\/strong>.<\/p>\n\n\n\n<p style=\"font-size:1em\">Para garantir o acolhimento e a privacidade, temos <strong>alas de interna\u00e7\u00e3o separadas por g\u00eanero<\/strong>. A <strong>ala masculina<\/strong> conta com duas salas de estar, proporcionando um ambiente confort\u00e1vel para conviv\u00eancia e momentos de descanso. J\u00e1 a <strong>ala feminina<\/strong> possui uma sala de estar exclusiva, garantindo um espa\u00e7o seguro e tranquilo para as pacientes.<\/p>\n\n\n\n<p style=\"font-size:1em\">Nossa <strong>\u00e1rea de enfermagem<\/strong> est\u00e1 sempre dispon\u00edvel para oferecer suporte e atendimento, enquanto a <strong>cozinha<\/strong> prepara refei\u00e7\u00f5es equilibradas. Al\u00e9m disso, contamos com <strong>salas de atividades terap\u00eauticas<\/strong>, onde ocorrem grupos, oficinas e outras pr\u00e1ticas para o processo de recupera\u00e7\u00e3o. Toda essa estrutura foi pensada para proporcionar um ambiente acolhedor e funcional, ajudando cada paciente a trilhar seu caminho de recupera\u00e7\u00e3o com dignidade e apoio.<\/p>\n\n\n\n<div style=\"height:100px\" aria-hidden=\"true\" class=\"wp-block-spacer\"><\/div>\n","protected":false},"excerpt":{"rendered":"<p>Infraestrutura completa para um tratamento de excel\u00eancia Na Recupperar, acreditamos que um ambiente bem estruturado faz toda a diferen\u00e7a no processo de recupera\u00e7\u00e3o. Por isso, investimos em uma infraestrutura completa, moderna e planejada para oferecer conforto, seguran\u00e7a e funcionalidade a todos os nossos pacientes. Nosso pr\u00e9dio \u00e9 novo e projetado para atender \u00e0s necessidades espec\u00edficas&#8230;<\/p>\n","protected":false},"author":1,"featured_media":0,"parent":0,"menu_order":0,"comment_status":"closed","ping_status":"closed","template":"","meta":[],"_links":{"self":[{"href":"https:\/\/www.recupperar.com.br\/web\/wp-json\/wp\/v2\/pages\/17"}],"collection":[{"href":"https:\/\/www.recupperar.com.br\/web\/wp-json\/wp\/v2\/pages"}],"about":[{"href":"https:\/\/www.recupperar.com.br\/web\/wp-json\/wp\/v2\/types\/page"}],"author":[{"embeddable":true,"href":"https:\/\/www.recupperar.com.br\/web\/wp-json\/wp\/v2\/users\/1"}],"replies":[{"embeddable":true,"href":"https:\/\/www.recupperar.com.br\/web\/wp-json\/wp\/v2\/comments?post=17"}],"version-history":[{"count":6,"href":"https:\/\/www.recupperar.com.br\/web\/wp-json\/wp\/v2\/pages\/17\/revisions"}],"predecessor-version":[{"id":245,"href":"https:\/\/www.recupperar.com.br\/web\/wp-json\/wp\/v2\/pages\/17\/revisions\/245"}],"wp:attachment":[{"href":"https:\/\/www.recupperar.com.br\/web\/wp-json\/wp\/v2\/media?parent=17"}],"curies":[{"name":"wp","href":"https:\/\/api.w.org\/{rel}","templated":true}]}}