{"id":13,"date":"2016-07-13T03:46:59","date_gmt":"2016-07-13T06:46:59","guid":{"rendered":"http:\/\/www.recupperar.com.br\/web\/?page_id=13"},"modified":"2025-03-12T00:40:59","modified_gmt":"2025-03-12T03:40:59","slug":"a-clinica","status":"publish","type":"page","link":"https:\/\/www.recupperar.com.br\/web\/a-clinica\/","title":{"rendered":"A CL\u00cdNICA"},"content":{"rendered":"\n<p class=\"has-medium-font-size\"><strong>Quem somos?<\/strong><\/p>\n\n\n\n<p style=\"font-size:1.1em\">A Recupperar \u00e9 uma cl\u00ednica psiqui\u00e1trica que oferece tratamentos especializados para pessoas em sofrimento, sendo um espa\u00e7o dedicado ao cuidado em sa\u00fade mental. Composta por uma equipe em constante qualifica\u00e7\u00e3o e comprometida, oferecemos os servi\u00e7os de atendimento ambulatorial e interna\u00e7\u00e3o em tempo integral, que visam a recupera\u00e7\u00e3o, proporcionando estabilidade emocional e qualidade de vida para nossos pacientes, em um ambiente seguro e acolhedor. Tamb\u00e9m contamos com a interna\u00e7\u00e3o em modalidade dia, como forma de manuten\u00e7\u00e3o e acompanhamento do paciente ap\u00f3s a alta.<\/p>\n\n\n\n<p style=\"font-size:1.1em\">Essas op\u00e7\u00f5es de tratamento foram desenvolvidas a partir de um plano terap\u00eautico para atender \u00e0s necessidades individuais de cada pessoa que busca nossa ajuda. Nossa equipe multidisciplinar inclui profissionais de psiquiatria, psicologia, enfermagem, t\u00e9cnicos de enfermagem, farm\u00e1cia, nutri\u00e7\u00e3o, arteterapia e monitores, prontos para fornecer atendimento especializado e terap\u00eautico.<\/p>\n\n\n\n<p style=\"font-size:1.1em\">Nossa forma de cuidar envolve v\u00e1rios recursos: acompanhamento psiqui\u00e1trico, avalia\u00e7\u00e3o cl\u00ednica, exames laboratoriais e neuropsicol\u00f3gicos, terapia em grupo, terapia individual, terapia familiar, atividades f\u00edsicas, atividades recreativas, atividades espirituais, e farmacologia, buscando n\u00e3o s\u00f3 tratar os sintomas, mas tamb\u00e9m auxiliando os pacientes a se conhecerem e se fortalecerem.<\/p>\n\n\n\n<p style=\"font-size:1.1em\">Acreditamos que a preven\u00e7\u00e3o da reca\u00edda e manuten\u00e7\u00e3o da abstin\u00eancia \u00e9 fundamental. Por isso temos o grupo p\u00f3s alta para pacientes com Transtorno por Uso de Subst\u00e2ncias, que fornece suporte cont\u00ednuo, ajudando-os a manter os progressos alcan\u00e7ados.<\/p>\n\n\n\n<p><\/p>\n\n\n\n<h4 class=\"wp-block-heading has-black-color has-text-color has-medium-font-size\">Nossa Miss\u00e3o:<\/h4>\n\n\n\n<blockquote class=\"wp-block-quote\">\n<p style=\"font-size:18px\">Proporcionar cuidado e seguran\u00e7a para as pessoas nos momentos mais dif\u00edceis de suas vidas.<\/p>\n<\/blockquote>\n\n\n\n<h4 class=\"wp-block-heading has-medium-font-size\">Vis\u00e3o:<\/h4>\n\n\n\n<blockquote class=\"wp-block-quote\">\n<p style=\"font-size:18px\">Obter reconhecimento de melhor empresa no segmento de psiquiatria no Brasil<\/p>\n<\/blockquote>\n\n\n\n<h4 class=\"wp-block-heading has-medium-font-size\">Valores:<\/h4>\n\n\n\n<ul>\n<li style=\"font-size:1em\">Respeito<\/li>\n<\/ul>\n\n\n\n<ul>\n<li style=\"font-size:1em\">Empatia<\/li>\n<\/ul>\n\n\n\n<ul>\n<li style=\"font-size:1em\">Comprometimento<\/li>\n<\/ul>\n\n\n\n<ul>\n<li style=\"font-size:1em\">\u00c9tica<\/li>\n<\/ul>\n\n\n\n<ul>\n<li style=\"font-size:1em\">Confidencialidade<\/li>\n<\/ul>\n\n\n\n<ul>\n<li style=\"font-size:1em\">Satisfa\u00e7\u00e3o do cliente<\/li>\n<\/ul>\n\n\n\n<div style=\"height:100px\" aria-hidden=\"true\" class=\"wp-block-spacer\"><\/div>\n","protected":false},"excerpt":{"rendered":"<p>Quem somos? A Recupperar \u00e9 uma cl\u00ednica psiqui\u00e1trica que oferece tratamentos especializados para pessoas em sofrimento, sendo um espa\u00e7o dedicado ao cuidado em sa\u00fade mental. Composta por uma equipe em constante qualifica\u00e7\u00e3o e comprometida, oferecemos os servi\u00e7os de atendimento ambulatorial e interna\u00e7\u00e3o em tempo integral, que visam a recupera\u00e7\u00e3o, proporcionando estabilidade emocional e qualidade de&#8230;<\/p>\n","protected":false},"author":1,"featured_media":0,"parent":0,"menu_order":0,"comment_status":"closed","ping_status":"closed","template":"","meta":[],"_links":{"self":[{"href":"https:\/\/www.recupperar.com.br\/web\/wp-json\/wp\/v2\/pages\/13"}],"collection":[{"href":"https:\/\/www.recupperar.com.br\/web\/wp-json\/wp\/v2\/pages"}],"about":[{"href":"https:\/\/www.recupperar.com.br\/web\/wp-json\/wp\/v2\/types\/page"}],"author":[{"embeddable":true,"href":"https:\/\/www.recupperar.com.br\/web\/wp-json\/wp\/v2\/users\/1"}],"replies":[{"embeddable":true,"href":"https:\/\/www.recupperar.com.br\/web\/wp-json\/wp\/v2\/comments?post=13"}],"version-history":[{"count":10,"href":"https:\/\/www.recupperar.com.br\/web\/wp-json\/wp\/v2\/pages\/13\/revisions"}],"predecessor-version":[{"id":244,"href":"https:\/\/www.recupperar.com.br\/web\/wp-json\/wp\/v2\/pages\/13\/revisions\/244"}],"wp:attachment":[{"href":"https:\/\/www.recupperar.com.br\/web\/wp-json\/wp\/v2\/media?parent=13"}],"curies":[{"name":"wp","href":"https:\/\/api.w.org\/{rel}","templated":true}]}}